{"id":361,"date":"2019-10-31T12:27:59","date_gmt":"2019-10-31T09:27:59","guid":{"rendered":"https:\/\/www.enias.com.tr\/insaat\/"},"modified":"2022-05-21T17:36:53","modified_gmt":"2022-05-21T14:36:53","slug":"construction","status":"publish","type":"page","link":"https:\/\/www.enias.com.tr\/en\/construction\/","title":{"rendered":"Construction"},"content":{"rendered":"<p>Our company has taken part in many highway projects, housing projects, infrastructure projects, industrial facility projects and energy facilities projects in the CONSTRUCTION sector and made significant contributions to the completion of the related projects.<\/p>\n<p>Completed Projects;<\/p>\n<ul>\n<li>Ankara-K\u0131r\u0131kkale Connection \u2013 Keskin Road (Km:0+000-16+300) 16 Km Pavement Works.<\/li>\n<li>Ankara-Pozant\u0131 Highway Kemerhisar-Eminlik section (Km:312+000-335+550) Highway Pavement Works.<\/li>\n<li>Highway Pavement Works between (Km 8+411 \u2013 34+350) in section GEBZE \u2013 ORHANGAZ\u0130 under &#8220;\u0130ZM\u0130T K\u00d6RFEZ CROSSING AND CONNECTION ROADS&#8221; within the scope of GEBZE \u2013 \u0130ZM\u0130R Highway Project<\/li>\n<li>Highway Pavement Works between (Km: 352+000 \u2013 408+654) within the scope of GEBZE \u2013 \u0130ZM\u0130R Highway Project<\/li>\n<li>Highway Pavement Works between (Km: 224+300 \u2013 296+500) within the scope of GEBZE \u2013 \u0130ZM\u0130R Highway project<\/li>\n<li>BOREAS 1 ENEZ WPP, Civil Works<\/li>\n<li>DEFNE TARIM SPP, Installation and Construction Works<\/li>\n<li>DEFNE AGRICULTURE LIVESTOCK, Installation and Construction Works<\/li>\n<li>MASLAKTEPE WPP, Phase-1 Construction Works<\/li>\n<li>ENER S\u00dcT Factory Construction Works<\/li>\n<\/ul>\n\n\t\t\t<style type='text\/css'>\n\t\t\t\t#sc_gallery-1 {\n\t\t\t\t\tmargin: auto;\n\t\t\t\t}\n\t\t\t\t#sc_gallery-1 .gallery-item {\n\t\t\t\t\tfloat: left;\n\t\t\t\t\ttext-align: center;\n\t\t\t\t\twidth: 19.99%;\n\t\t\t\t}\n\t\t\t\t#sc_gallery-1 img {\n\t\t\t\t\tborder: 2px solid #cfcfcf;\n\t\t\t\t}\n\t\t\t\t\/* see sc_gallery() in functions\/theme-shortcodes.php *\/\n\t\t\t<\/style>\n\t\t<div id='sc_gallery-1' class='gallery galleryid-361 gallery-columns-5 gallery-size-thumbnail file element_classes gallery-default'><dl class='gallery-item'  data-title='maslaktepe-res-faz-2-insaat-isleri-1' data-description=''><div class='gallery-item-wrapper'>\n\t\t\t\t<dt class='gallery-icon landscape'>\n\t\t\t\t\t<a href='https:\/\/www.enias.com.tr\/wp-content\/uploads\/2022\/03\/maslaktepe-res-faz-2-insaat-isleri-1.jpg'><img loading=\"lazy\" decoding=\"async\" width=\"150\" height=\"150\" src=\"https:\/\/www.enias.com.tr\/wp-content\/uploads\/2022\/03\/maslaktepe-res-faz-2-insaat-isleri-1-150x150.jpg\" class=\"attachment-thumbnail size-thumbnail\" alt=\"\" srcset=\"https:\/\/www.enias.com.tr\/wp-content\/uploads\/2022\/03\/maslaktepe-res-faz-2-insaat-isleri-1-150x150.jpg 150w, https:\/\/www.enias.com.tr\/wp-content\/uploads\/2022\/03\/maslaktepe-res-faz-2-insaat-isleri-1-85x85.jpg 85w, https:\/\/www.enias.com.tr\/wp-content\/uploads\/2022\/03\/maslaktepe-res-faz-2-insaat-isleri-1-80x80.jpg 80w\" sizes=\"auto, (max-width:767px) 150px, 150px\" \/><\/a>\n\t\t\t\t<\/dt><\/div><\/dl><dl class='gallery-item'  data-title='maslaktepe-res-faz-2-insaat-isleri-2' data-description=''><div class='gallery-item-wrapper'>\n\t\t\t\t<dt class='gallery-icon landscape'>\n\t\t\t\t\t<a href='https:\/\/www.enias.com.tr\/wp-content\/uploads\/2022\/03\/maslaktepe-res-faz-2-insaat-isleri-2.jpg'><img loading=\"lazy\" decoding=\"async\" width=\"150\" height=\"150\" src=\"https:\/\/www.enias.com.tr\/wp-content\/uploads\/2022\/03\/maslaktepe-res-faz-2-insaat-isleri-2-150x150.jpg\" class=\"attachment-thumbnail size-thumbnail\" alt=\"\" srcset=\"https:\/\/www.enias.com.tr\/wp-content\/uploads\/2022\/03\/maslaktepe-res-faz-2-insaat-isleri-2-150x150.jpg 150w, https:\/\/www.enias.com.tr\/wp-content\/uploads\/2022\/03\/maslaktepe-res-faz-2-insaat-isleri-2-85x85.jpg 85w, https:\/\/www.enias.com.tr\/wp-content\/uploads\/2022\/03\/maslaktepe-res-faz-2-insaat-isleri-2-80x80.jpg 80w\" sizes=\"auto, (max-width:767px) 150px, 150px\" \/><\/a>\n\t\t\t\t<\/dt><\/div><\/dl><dl class='gallery-item'  data-title='maslaktepe-res-faz-2-insaat-isleri-3' data-description=''><div class='gallery-item-wrapper'>\n\t\t\t\t<dt class='gallery-icon landscape'>\n\t\t\t\t\t<a href='https:\/\/www.enias.com.tr\/wp-content\/uploads\/2022\/03\/maslaktepe-res-faz-2-insaat-isleri-3.jpg'><img loading=\"lazy\" decoding=\"async\" width=\"150\" height=\"150\" src=\"https:\/\/www.enias.com.tr\/wp-content\/uploads\/2022\/03\/maslaktepe-res-faz-2-insaat-isleri-3-150x150.jpg\" class=\"attachment-thumbnail size-thumbnail\" alt=\"\" srcset=\"https:\/\/www.enias.com.tr\/wp-content\/uploads\/2022\/03\/maslaktepe-res-faz-2-insaat-isleri-3-150x150.jpg 150w, https:\/\/www.enias.com.tr\/wp-content\/uploads\/2022\/03\/maslaktepe-res-faz-2-insaat-isleri-3-85x85.jpg 85w, https:\/\/www.enias.com.tr\/wp-content\/uploads\/2022\/03\/maslaktepe-res-faz-2-insaat-isleri-3-80x80.jpg 80w\" sizes=\"auto, (max-width:767px) 150px, 150px\" \/><\/a>\n\t\t\t\t<\/dt><\/div><\/dl><dl class='gallery-item'  data-title='maslaktepe-res-faz-2-insaat-isleri-4' data-description=''><div class='gallery-item-wrapper'>\n\t\t\t\t<dt class='gallery-icon landscape'>\n\t\t\t\t\t<a href='https:\/\/www.enias.com.tr\/wp-content\/uploads\/2022\/03\/maslaktepe-res-faz-2-insaat-isleri-4.jpg'><img loading=\"lazy\" decoding=\"async\" width=\"150\" height=\"150\" src=\"https:\/\/www.enias.com.tr\/wp-content\/uploads\/2022\/03\/maslaktepe-res-faz-2-insaat-isleri-4-150x150.jpg\" class=\"attachment-thumbnail size-thumbnail\" alt=\"\" srcset=\"https:\/\/www.enias.com.tr\/wp-content\/uploads\/2022\/03\/maslaktepe-res-faz-2-insaat-isleri-4-150x150.jpg 150w, https:\/\/www.enias.com.tr\/wp-content\/uploads\/2022\/03\/maslaktepe-res-faz-2-insaat-isleri-4-85x85.jpg 85w, https:\/\/www.enias.com.tr\/wp-content\/uploads\/2022\/03\/maslaktepe-res-faz-2-insaat-isleri-4-80x80.jpg 80w\" sizes=\"auto, (max-width:767px) 150px, 150px\" \/><\/a>\n\t\t\t\t<\/dt><\/div><\/dl><dl class='gallery-item'  data-title='maslaktepe-res-faz-2-insaat-isleri-5' data-description=''><div class='gallery-item-wrapper'>\n\t\t\t\t<dt class='gallery-icon landscape'>\n\t\t\t\t\t<a href='https:\/\/www.enias.com.tr\/wp-content\/uploads\/2022\/03\/maslaktepe-res-faz-2-insaat-isleri-5.jpg'><img loading=\"lazy\" decoding=\"async\" width=\"150\" height=\"150\" src=\"https:\/\/www.enias.com.tr\/wp-content\/uploads\/2022\/03\/maslaktepe-res-faz-2-insaat-isleri-5-150x150.jpg\" class=\"attachment-thumbnail size-thumbnail\" alt=\"\" srcset=\"https:\/\/www.enias.com.tr\/wp-content\/uploads\/2022\/03\/maslaktepe-res-faz-2-insaat-isleri-5-150x150.jpg 150w, https:\/\/www.enias.com.tr\/wp-content\/uploads\/2022\/03\/maslaktepe-res-faz-2-insaat-isleri-5-85x85.jpg 85w, https:\/\/www.enias.com.tr\/wp-content\/uploads\/2022\/03\/maslaktepe-res-faz-2-insaat-isleri-5-80x80.jpg 80w\" sizes=\"auto, (max-width:767px) 150px, 150px\" \/><\/a>\n\t\t\t\t<\/dt><\/div><\/dl><br style=\"clear: both\" \/><dl class='gallery-item'  data-title='maslaktepe-res-faz-2-insaat-isleri-6' data-description=''><div class='gallery-item-wrapper'>\n\t\t\t\t<dt class='gallery-icon landscape'>\n\t\t\t\t\t<a href='https:\/\/www.enias.com.tr\/wp-content\/uploads\/2022\/03\/maslaktepe-res-faz-2-insaat-isleri-6.jpg'><img loading=\"lazy\" decoding=\"async\" width=\"150\" height=\"150\" src=\"https:\/\/www.enias.com.tr\/wp-content\/uploads\/2022\/03\/maslaktepe-res-faz-2-insaat-isleri-6-150x150.jpg\" class=\"attachment-thumbnail size-thumbnail\" alt=\"\" srcset=\"https:\/\/www.enias.com.tr\/wp-content\/uploads\/2022\/03\/maslaktepe-res-faz-2-insaat-isleri-6-150x150.jpg 150w, https:\/\/www.enias.com.tr\/wp-content\/uploads\/2022\/03\/maslaktepe-res-faz-2-insaat-isleri-6-85x85.jpg 85w, https:\/\/www.enias.com.tr\/wp-content\/uploads\/2022\/03\/maslaktepe-res-faz-2-insaat-isleri-6-80x80.jpg 80w\" sizes=\"auto, (max-width:767px) 150px, 150px\" \/><\/a>\n\t\t\t\t<\/dt><\/div><\/dl><dl class='gallery-item'  data-title='maslaktepe-res-faz-2-insaat-isleri-7' data-description=''><div class='gallery-item-wrapper'>\n\t\t\t\t<dt class='gallery-icon landscape'>\n\t\t\t\t\t<a href='https:\/\/www.enias.com.tr\/wp-content\/uploads\/2022\/03\/maslaktepe-res-faz-2-insaat-isleri-7.jpg'><img loading=\"lazy\" decoding=\"async\" width=\"150\" height=\"150\" src=\"https:\/\/www.enias.com.tr\/wp-content\/uploads\/2022\/03\/maslaktepe-res-faz-2-insaat-isleri-7-150x150.jpg\" class=\"attachment-thumbnail size-thumbnail\" alt=\"\" srcset=\"https:\/\/www.enias.com.tr\/wp-content\/uploads\/2022\/03\/maslaktepe-res-faz-2-insaat-isleri-7-150x150.jpg 150w, https:\/\/www.enias.com.tr\/wp-content\/uploads\/2022\/03\/maslaktepe-res-faz-2-insaat-isleri-7-85x85.jpg 85w, https:\/\/www.enias.com.tr\/wp-content\/uploads\/2022\/03\/maslaktepe-res-faz-2-insaat-isleri-7-80x80.jpg 80w\" sizes=\"auto, (max-width:767px) 150px, 150px\" \/><\/a>\n\t\t\t\t<\/dt><\/div><\/dl><dl class='gallery-item'  data-title='maslaktepe-res-faz-2-insaat-isleri-8' data-description=''><div class='gallery-item-wrapper'>\n\t\t\t\t<dt class='gallery-icon landscape'>\n\t\t\t\t\t<a href='https:\/\/www.enias.com.tr\/wp-content\/uploads\/2022\/03\/maslaktepe-res-faz-2-insaat-isleri-8.jpg'><img loading=\"lazy\" decoding=\"async\" width=\"150\" height=\"150\" src=\"https:\/\/www.enias.com.tr\/wp-content\/uploads\/2022\/03\/maslaktepe-res-faz-2-insaat-isleri-8-150x150.jpg\" class=\"attachment-thumbnail size-thumbnail\" alt=\"\" srcset=\"https:\/\/www.enias.com.tr\/wp-content\/uploads\/2022\/03\/maslaktepe-res-faz-2-insaat-isleri-8-150x150.jpg 150w, https:\/\/www.enias.com.tr\/wp-content\/uploads\/2022\/03\/maslaktepe-res-faz-2-insaat-isleri-8-85x85.jpg 85w, https:\/\/www.enias.com.tr\/wp-content\/uploads\/2022\/03\/maslaktepe-res-faz-2-insaat-isleri-8-80x80.jpg 80w\" sizes=\"auto, (max-width:767px) 150px, 150px\" \/><\/a>\n\t\t\t\t<\/dt><\/div><\/dl><dl class='gallery-item'  data-title='maslaktepe-res-faz-2-insaat-isleri-9' data-description=''><div class='gallery-item-wrapper'>\n\t\t\t\t<dt class='gallery-icon landscape'>\n\t\t\t\t\t<a href='https:\/\/www.enias.com.tr\/wp-content\/uploads\/2022\/03\/maslaktepe-res-faz-2-insaat-isleri-9.jpg'><img loading=\"lazy\" decoding=\"async\" width=\"150\" height=\"150\" src=\"https:\/\/www.enias.com.tr\/wp-content\/uploads\/2022\/03\/maslaktepe-res-faz-2-insaat-isleri-9-150x150.jpg\" class=\"attachment-thumbnail size-thumbnail\" alt=\"\" srcset=\"https:\/\/www.enias.com.tr\/wp-content\/uploads\/2022\/03\/maslaktepe-res-faz-2-insaat-isleri-9-150x150.jpg 150w, https:\/\/www.enias.com.tr\/wp-content\/uploads\/2022\/03\/maslaktepe-res-faz-2-insaat-isleri-9-85x85.jpg 85w, https:\/\/www.enias.com.tr\/wp-content\/uploads\/2022\/03\/maslaktepe-res-faz-2-insaat-isleri-9-80x80.jpg 80w\" sizes=\"auto, (max-width:767px) 150px, 150px\" \/><\/a>\n\t\t\t\t<\/dt><\/div><\/dl><dl class='gallery-item'  data-title='maslaktepe-res-faz-2-insaat-isleri-10' data-description=''><div class='gallery-item-wrapper'>\n\t\t\t\t<dt class='gallery-icon landscape'>\n\t\t\t\t\t<a href='https:\/\/www.enias.com.tr\/wp-content\/uploads\/2022\/03\/maslaktepe-res-faz-2-insaat-isleri-10.jpg'><img loading=\"lazy\" decoding=\"async\" width=\"150\" height=\"150\" src=\"https:\/\/www.enias.com.tr\/wp-content\/uploads\/2022\/03\/maslaktepe-res-faz-2-insaat-isleri-10-150x150.jpg\" class=\"attachment-thumbnail size-thumbnail\" alt=\"\" srcset=\"https:\/\/www.enias.com.tr\/wp-content\/uploads\/2022\/03\/maslaktepe-res-faz-2-insaat-isleri-10-150x150.jpg 150w, https:\/\/www.enias.com.tr\/wp-content\/uploads\/2022\/03\/maslaktepe-res-faz-2-insaat-isleri-10-85x85.jpg 85w, https:\/\/www.enias.com.tr\/wp-content\/uploads\/2022\/03\/maslaktepe-res-faz-2-insaat-isleri-10-80x80.jpg 80w\" sizes=\"auto, (max-width:767px) 150px, 150px\" \/><\/a>\n\t\t\t\t<\/dt><\/div><\/dl><br style=\"clear: both\" \/><dl class='gallery-item'  data-title='maslaktepe-res-faz-2-insaat-isleri-11' data-description=''><div class='gallery-item-wrapper'>\n\t\t\t\t<dt class='gallery-icon landscape'>\n\t\t\t\t\t<a href='https:\/\/www.enias.com.tr\/wp-content\/uploads\/2022\/03\/maslaktepe-res-faz-2-insaat-isleri-11.jpg'><img loading=\"lazy\" decoding=\"async\" width=\"150\" height=\"150\" src=\"https:\/\/www.enias.com.tr\/wp-content\/uploads\/2022\/03\/maslaktepe-res-faz-2-insaat-isleri-11-150x150.jpg\" class=\"attachment-thumbnail size-thumbnail\" alt=\"\" srcset=\"https:\/\/www.enias.com.tr\/wp-content\/uploads\/2022\/03\/maslaktepe-res-faz-2-insaat-isleri-11-150x150.jpg 150w, https:\/\/www.enias.com.tr\/wp-content\/uploads\/2022\/03\/maslaktepe-res-faz-2-insaat-isleri-11-85x85.jpg 85w, https:\/\/www.enias.com.tr\/wp-content\/uploads\/2022\/03\/maslaktepe-res-faz-2-insaat-isleri-11-80x80.jpg 80w\" sizes=\"auto, (max-width:767px) 150px, 150px\" \/><\/a>\n\t\t\t\t<\/dt><\/div><\/dl><dl class='gallery-item'  data-title='maslaktepe-res-faz-2-insaat-isleri-12' data-description=''><div class='gallery-item-wrapper'>\n\t\t\t\t<dt class='gallery-icon landscape'>\n\t\t\t\t\t<a href='https:\/\/www.enias.com.tr\/wp-content\/uploads\/2022\/03\/maslaktepe-res-faz-2-insaat-isleri-12.jpg'><img loading=\"lazy\" decoding=\"async\" width=\"150\" height=\"150\" src=\"https:\/\/www.enias.com.tr\/wp-content\/uploads\/2022\/03\/maslaktepe-res-faz-2-insaat-isleri-12-150x150.jpg\" class=\"attachment-thumbnail size-thumbnail\" alt=\"\" srcset=\"https:\/\/www.enias.com.tr\/wp-content\/uploads\/2022\/03\/maslaktepe-res-faz-2-insaat-isleri-12-150x150.jpg 150w, https:\/\/www.enias.com.tr\/wp-content\/uploads\/2022\/03\/maslaktepe-res-faz-2-insaat-isleri-12-85x85.jpg 85w, https:\/\/www.enias.com.tr\/wp-content\/uploads\/2022\/03\/maslaktepe-res-faz-2-insaat-isleri-12-80x80.jpg 80w\" sizes=\"auto, (max-width:767px) 150px, 150px\" \/><\/a>\n\t\t\t\t<\/dt><\/div><\/dl><dl class='gallery-item'  data-title='maslaktepe-res-faz-2-insaat-isleri-13' data-description=''><div class='gallery-item-wrapper'>\n\t\t\t\t<dt class='gallery-icon landscape'>\n\t\t\t\t\t<a href='https:\/\/www.enias.com.tr\/wp-content\/uploads\/2022\/03\/maslaktepe-res-faz-2-insaat-isleri-13.jpg'><img loading=\"lazy\" decoding=\"async\" width=\"150\" height=\"150\" src=\"https:\/\/www.enias.com.tr\/wp-content\/uploads\/2022\/03\/maslaktepe-res-faz-2-insaat-isleri-13-150x150.jpg\" class=\"attachment-thumbnail size-thumbnail\" alt=\"\" srcset=\"https:\/\/www.enias.com.tr\/wp-content\/uploads\/2022\/03\/maslaktepe-res-faz-2-insaat-isleri-13-150x150.jpg 150w, https:\/\/www.enias.com.tr\/wp-content\/uploads\/2022\/03\/maslaktepe-res-faz-2-insaat-isleri-13-85x85.jpg 85w, https:\/\/www.enias.com.tr\/wp-content\/uploads\/2022\/03\/maslaktepe-res-faz-2-insaat-isleri-13-80x80.jpg 80w\" sizes=\"auto, (max-width:767px) 150px, 150px\" \/><\/a>\n\t\t\t\t<\/dt><\/div><\/dl><dl class='gallery-item'  data-title='maslaktepe-res-faz-2-insaat-isleri-14' data-description=''><div class='gallery-item-wrapper'>\n\t\t\t\t<dt class='gallery-icon landscape'>\n\t\t\t\t\t<a href='https:\/\/www.enias.com.tr\/wp-content\/uploads\/2022\/03\/maslaktepe-res-faz-2-insaat-isleri-14.jpg'><img loading=\"lazy\" decoding=\"async\" width=\"150\" height=\"150\" src=\"https:\/\/www.enias.com.tr\/wp-content\/uploads\/2022\/03\/maslaktepe-res-faz-2-insaat-isleri-14-150x150.jpg\" class=\"attachment-thumbnail size-thumbnail\" alt=\"\" srcset=\"https:\/\/www.enias.com.tr\/wp-content\/uploads\/2022\/03\/maslaktepe-res-faz-2-insaat-isleri-14-150x150.jpg 150w, https:\/\/www.enias.com.tr\/wp-content\/uploads\/2022\/03\/maslaktepe-res-faz-2-insaat-isleri-14-85x85.jpg 85w, https:\/\/www.enias.com.tr\/wp-content\/uploads\/2022\/03\/maslaktepe-res-faz-2-insaat-isleri-14-80x80.jpg 80w\" sizes=\"auto, (max-width:767px) 150px, 150px\" \/><\/a>\n\t\t\t\t<\/dt><\/div><\/dl><dl class='gallery-item'  data-title='maslaktepe-res-faz-2-insaat-isleri-15' data-description=''><div class='gallery-item-wrapper'>\n\t\t\t\t<dt class='gallery-icon landscape'>\n\t\t\t\t\t<a href='https:\/\/www.enias.com.tr\/wp-content\/uploads\/2022\/03\/maslaktepe-res-faz-2-insaat-isleri-15.jpg'><img loading=\"lazy\" decoding=\"async\" width=\"150\" height=\"150\" src=\"https:\/\/www.enias.com.tr\/wp-content\/uploads\/2022\/03\/maslaktepe-res-faz-2-insaat-isleri-15-150x150.jpg\" class=\"attachment-thumbnail size-thumbnail\" alt=\"\" srcset=\"https:\/\/www.enias.com.tr\/wp-content\/uploads\/2022\/03\/maslaktepe-res-faz-2-insaat-isleri-15-150x150.jpg 150w, https:\/\/www.enias.com.tr\/wp-content\/uploads\/2022\/03\/maslaktepe-res-faz-2-insaat-isleri-15-85x85.jpg 85w, https:\/\/www.enias.com.tr\/wp-content\/uploads\/2022\/03\/maslaktepe-res-faz-2-insaat-isleri-15-80x80.jpg 80w, https:\/\/www.enias.com.tr\/wp-content\/uploads\/2022\/03\/maslaktepe-res-faz-2-insaat-isleri-15-768x762.jpg 768w\" sizes=\"auto, (max-width:767px) 150px, 150px\" \/><\/a>\n\t\t\t\t<\/dt><\/div><\/dl><br style=\"clear: both\" \/>\n\t\t\t<\/div>\n\n","protected":false},"excerpt":{"rendered":"<p>Our company has taken part in many highway projects, housing projects, infrastructure projects, industrial facility projects and energy facilities projects in the CONSTRUCTION sector and made<span class=\"excerpt-hellip\"> [\u2026]<\/span><\/p>\n","protected":false},"author":1,"featured_media":0,"parent":0,"menu_order":0,"comment_status":"closed","ping_status":"closed","template":"","meta":{"rs_blank_template":"","rs_page_bg_color":"","slide_template_v7":"","footnotes":""},"class_list":["post-361","page","type-page","status-publish","hentry"],"_links":{"self":[{"href":"https:\/\/www.enias.com.tr\/en\/wp-json\/wp\/v2\/pages\/361","targetHints":{"allow":["GET"]}}],"collection":[{"href":"https:\/\/www.enias.com.tr\/en\/wp-json\/wp\/v2\/pages"}],"about":[{"href":"https:\/\/www.enias.com.tr\/en\/wp-json\/wp\/v2\/types\/page"}],"author":[{"embeddable":true,"href":"https:\/\/www.enias.com.tr\/en\/wp-json\/wp\/v2\/users\/1"}],"replies":[{"embeddable":true,"href":"https:\/\/www.enias.com.tr\/en\/wp-json\/wp\/v2\/comments?post=361"}],"version-history":[{"count":0,"href":"https:\/\/www.enias.com.tr\/en\/wp-json\/wp\/v2\/pages\/361\/revisions"}],"wp:attachment":[{"href":"https:\/\/www.enias.com.tr\/en\/wp-json\/wp\/v2\/media?parent=361"}],"curies":[{"name":"wp","href":"https:\/\/api.w.org\/{rel}","templated":true}]}}