{"id":354,"date":"2022-03-29T16:23:41","date_gmt":"2022-03-29T13:23:41","guid":{"rendered":"https:\/\/www.enias.com.tr\/hayvancilik\/"},"modified":"2022-05-18T13:41:32","modified_gmt":"2022-05-18T10:41:32","slug":"livestock","status":"publish","type":"page","link":"https:\/\/www.enias.com.tr\/en\/livestock\/","title":{"rendered":"Livestock"},"content":{"rendered":"<p><strong>DEFNE TARIM<\/strong><\/p>\n<p>It started with the investment of Defne Tar\u0131m A.\u015e., a subsidiary of our company, in a bovine raw milk production facility in Tire district of \u0130zmir province in 2003. As of today, it is one of the leading companies in the sector in Turkey with its activities with a total of 3,500 cattle dairy cattle, 1,280 of which is dairy cattle, and 1200 ovine livestock, which meet the majority of its own feed needs in a closed area of 36,000 square meters and a total of 400 hectares of agricultural land..<\/p>\n<p><strong>DAIRY CATTLE BREEDING<\/strong><\/p>\n<p>There are 3,500 Holstein cattle in total, 1,280 of which are milkers. In this context, together with the production of raw milk, calf and heifer breeding is also carried out for fattening purposes.<\/p>\n\n\t\t\t<style type='text\/css'>\n\t\t\t\t#sc_gallery-1 {\n\t\t\t\t\tmargin: auto;\n\t\t\t\t}\n\t\t\t\t#sc_gallery-1 .gallery-item {\n\t\t\t\t\tfloat: left;\n\t\t\t\t\ttext-align: center;\n\t\t\t\t\twidth: 24.99%;\n\t\t\t\t}\n\t\t\t\t#sc_gallery-1 img {\n\t\t\t\t\tborder: 2px solid #cfcfcf;\n\t\t\t\t}\n\t\t\t\t\/* see sc_gallery() in functions\/theme-shortcodes.php *\/\n\t\t\t<\/style>\n\t\t<div id='sc_gallery-1' class='gallery galleryid-354 gallery-columns-4 gallery-size-full file element_classes gallery-default'><dl class='gallery-item'  data-title='buyukbas-1' data-description=''><div class='gallery-item-wrapper'>\n\t\t\t\t<dt class='gallery-icon landscape'>\n\t\t\t\t\t<a href='https:\/\/www.enias.com.tr\/wp-content\/uploads\/2022\/03\/buyukbas-1.jpg'><img loading=\"lazy\" decoding=\"async\" width=\"1128\" height=\"752\" src=\"https:\/\/www.enias.com.tr\/wp-content\/uploads\/2022\/03\/buyukbas-1.jpg\" class=\"attachment-full size-full\" alt=\"\" srcset=\"https:\/\/www.enias.com.tr\/wp-content\/uploads\/2022\/03\/buyukbas-1.jpg 1128w, https:\/\/www.enias.com.tr\/wp-content\/uploads\/2022\/03\/buyukbas-1-300x200.jpg 300w, https:\/\/www.enias.com.tr\/wp-content\/uploads\/2022\/03\/buyukbas-1-1024x683.jpg 1024w, https:\/\/www.enias.com.tr\/wp-content\/uploads\/2022\/03\/buyukbas-1-768x512.jpg 768w, https:\/\/www.enias.com.tr\/wp-content\/uploads\/2022\/03\/buyukbas-1-219x146.jpg 219w, https:\/\/www.enias.com.tr\/wp-content\/uploads\/2022\/03\/buyukbas-1-50x33.jpg 50w, https:\/\/www.enias.com.tr\/wp-content\/uploads\/2022\/03\/buyukbas-1-113x75.jpg 113w\" sizes=\"auto, (max-width:767px) 480px, (max-width:1128px) 100vw, 1128px\" \/><\/a>\n\t\t\t\t<\/dt><\/div><\/dl><dl class='gallery-item'  data-title='buyukbas-2' data-description=''><div class='gallery-item-wrapper'>\n\t\t\t\t<dt class='gallery-icon landscape'>\n\t\t\t\t\t<a href='https:\/\/www.enias.com.tr\/wp-content\/uploads\/2022\/03\/buyukbas-2.jpg'><img loading=\"lazy\" decoding=\"async\" width=\"1387\" height=\"924\" src=\"https:\/\/www.enias.com.tr\/wp-content\/uploads\/2022\/03\/buyukbas-2.jpg\" class=\"attachment-full size-full\" alt=\"\" srcset=\"https:\/\/www.enias.com.tr\/wp-content\/uploads\/2022\/03\/buyukbas-2.jpg 1387w, https:\/\/www.enias.com.tr\/wp-content\/uploads\/2022\/03\/buyukbas-2-300x200.jpg 300w, https:\/\/www.enias.com.tr\/wp-content\/uploads\/2022\/03\/buyukbas-2-1024x682.jpg 1024w, https:\/\/www.enias.com.tr\/wp-content\/uploads\/2022\/03\/buyukbas-2-768x512.jpg 768w, https:\/\/www.enias.com.tr\/wp-content\/uploads\/2022\/03\/buyukbas-2-219x146.jpg 219w, https:\/\/www.enias.com.tr\/wp-content\/uploads\/2022\/03\/buyukbas-2-50x33.jpg 50w, https:\/\/www.enias.com.tr\/wp-content\/uploads\/2022\/03\/buyukbas-2-113x75.jpg 113w\" sizes=\"auto, (max-width:767px) 480px, (max-width:1387px) 100vw, 1387px\" \/><\/a>\n\t\t\t\t<\/dt><\/div><\/dl><dl class='gallery-item'  data-title='buyukbas-3' data-description=''><div class='gallery-item-wrapper'>\n\t\t\t\t<dt class='gallery-icon landscape'>\n\t\t\t\t\t<a href='https:\/\/www.enias.com.tr\/wp-content\/uploads\/2022\/03\/buyukbas-3.jpg'><img loading=\"lazy\" decoding=\"async\" width=\"1387\" height=\"924\" src=\"https:\/\/www.enias.com.tr\/wp-content\/uploads\/2022\/03\/buyukbas-3.jpg\" class=\"attachment-full size-full\" alt=\"\" srcset=\"https:\/\/www.enias.com.tr\/wp-content\/uploads\/2022\/03\/buyukbas-3.jpg 1387w, https:\/\/www.enias.com.tr\/wp-content\/uploads\/2022\/03\/buyukbas-3-300x200.jpg 300w, https:\/\/www.enias.com.tr\/wp-content\/uploads\/2022\/03\/buyukbas-3-1024x682.jpg 1024w, https:\/\/www.enias.com.tr\/wp-content\/uploads\/2022\/03\/buyukbas-3-768x512.jpg 768w, https:\/\/www.enias.com.tr\/wp-content\/uploads\/2022\/03\/buyukbas-3-219x146.jpg 219w, https:\/\/www.enias.com.tr\/wp-content\/uploads\/2022\/03\/buyukbas-3-50x33.jpg 50w, https:\/\/www.enias.com.tr\/wp-content\/uploads\/2022\/03\/buyukbas-3-113x75.jpg 113w\" sizes=\"auto, (max-width:767px) 480px, (max-width:1387px) 100vw, 1387px\" \/><\/a>\n\t\t\t\t<\/dt><\/div><\/dl><dl class='gallery-item'  data-title='buyukbas-4' data-description=''><div class='gallery-item-wrapper'>\n\t\t\t\t<dt class='gallery-icon landscape'>\n\t\t\t\t\t<a href='https:\/\/www.enias.com.tr\/wp-content\/uploads\/2022\/03\/buyukbas-4.jpg'><img loading=\"lazy\" decoding=\"async\" width=\"1447\" height=\"814\" src=\"https:\/\/www.enias.com.tr\/wp-content\/uploads\/2022\/03\/buyukbas-4.jpg\" class=\"attachment-full size-full\" alt=\"\" srcset=\"https:\/\/www.enias.com.tr\/wp-content\/uploads\/2022\/03\/buyukbas-4.jpg 1447w, https:\/\/www.enias.com.tr\/wp-content\/uploads\/2022\/03\/buyukbas-4-300x169.jpg 300w, https:\/\/www.enias.com.tr\/wp-content\/uploads\/2022\/03\/buyukbas-4-1024x576.jpg 1024w, https:\/\/www.enias.com.tr\/wp-content\/uploads\/2022\/03\/buyukbas-4-768x432.jpg 768w, https:\/\/www.enias.com.tr\/wp-content\/uploads\/2022\/03\/buyukbas-4-260x146.jpg 260w, https:\/\/www.enias.com.tr\/wp-content\/uploads\/2022\/03\/buyukbas-4-50x28.jpg 50w, https:\/\/www.enias.com.tr\/wp-content\/uploads\/2022\/03\/buyukbas-4-133x75.jpg 133w, https:\/\/www.enias.com.tr\/wp-content\/uploads\/2022\/03\/buyukbas-4-1200x675.jpg 1200w\" sizes=\"auto, (max-width:767px) 480px, (max-width:1447px) 100vw, 1447px\" \/><\/a>\n\t\t\t\t<\/dt><\/div><\/dl><br style=\"clear: both\" \/><dl class='gallery-item'  data-title='buyukbas-5' data-description=''><div class='gallery-item-wrapper'>\n\t\t\t\t<dt class='gallery-icon landscape'>\n\t\t\t\t\t<a href='https:\/\/www.enias.com.tr\/wp-content\/uploads\/2022\/03\/buyukbas-5.jpg'><img loading=\"lazy\" decoding=\"async\" width=\"1440\" height=\"810\" src=\"https:\/\/www.enias.com.tr\/wp-content\/uploads\/2022\/03\/buyukbas-5.jpg\" class=\"attachment-full size-full\" alt=\"\" srcset=\"https:\/\/www.enias.com.tr\/wp-content\/uploads\/2022\/03\/buyukbas-5.jpg 1440w, https:\/\/www.enias.com.tr\/wp-content\/uploads\/2022\/03\/buyukbas-5-300x169.jpg 300w, https:\/\/www.enias.com.tr\/wp-content\/uploads\/2022\/03\/buyukbas-5-1024x576.jpg 1024w, https:\/\/www.enias.com.tr\/wp-content\/uploads\/2022\/03\/buyukbas-5-768x432.jpg 768w, https:\/\/www.enias.com.tr\/wp-content\/uploads\/2022\/03\/buyukbas-5-260x146.jpg 260w, https:\/\/www.enias.com.tr\/wp-content\/uploads\/2022\/03\/buyukbas-5-50x28.jpg 50w, https:\/\/www.enias.com.tr\/wp-content\/uploads\/2022\/03\/buyukbas-5-133x75.jpg 133w, https:\/\/www.enias.com.tr\/wp-content\/uploads\/2022\/03\/buyukbas-5-1200x675.jpg 1200w\" sizes=\"auto, (max-width:767px) 480px, (max-width:1440px) 100vw, 1440px\" \/><\/a>\n\t\t\t\t<\/dt><\/div><\/dl><dl class='gallery-item'  data-title='buyukbas-6' data-description=''><div class='gallery-item-wrapper'>\n\t\t\t\t<dt class='gallery-icon landscape'>\n\t\t\t\t\t<a href='https:\/\/www.enias.com.tr\/wp-content\/uploads\/2022\/03\/buyukbas-6.jpg'><img loading=\"lazy\" decoding=\"async\" width=\"1522\" height=\"856\" src=\"https:\/\/www.enias.com.tr\/wp-content\/uploads\/2022\/03\/buyukbas-6.jpg\" class=\"attachment-full size-full\" alt=\"\" srcset=\"https:\/\/www.enias.com.tr\/wp-content\/uploads\/2022\/03\/buyukbas-6.jpg 1522w, https:\/\/www.enias.com.tr\/wp-content\/uploads\/2022\/03\/buyukbas-6-300x169.jpg 300w, https:\/\/www.enias.com.tr\/wp-content\/uploads\/2022\/03\/buyukbas-6-1024x576.jpg 1024w, https:\/\/www.enias.com.tr\/wp-content\/uploads\/2022\/03\/buyukbas-6-768x432.jpg 768w, https:\/\/www.enias.com.tr\/wp-content\/uploads\/2022\/03\/buyukbas-6-260x146.jpg 260w, https:\/\/www.enias.com.tr\/wp-content\/uploads\/2022\/03\/buyukbas-6-50x28.jpg 50w, https:\/\/www.enias.com.tr\/wp-content\/uploads\/2022\/03\/buyukbas-6-133x75.jpg 133w, https:\/\/www.enias.com.tr\/wp-content\/uploads\/2022\/03\/buyukbas-6-1200x675.jpg 1200w\" sizes=\"auto, (max-width:767px) 480px, (max-width:1522px) 100vw, 1522px\" \/><\/a>\n\t\t\t\t<\/dt><\/div><\/dl><dl class='gallery-item'  data-title='buyukbas-7' data-description=''><div class='gallery-item-wrapper'>\n\t\t\t\t<dt class='gallery-icon landscape'>\n\t\t\t\t\t<a href='https:\/\/www.enias.com.tr\/wp-content\/uploads\/2022\/03\/buyukbas-7.jpg'><img loading=\"lazy\" decoding=\"async\" width=\"1525\" height=\"858\" src=\"https:\/\/www.enias.com.tr\/wp-content\/uploads\/2022\/03\/buyukbas-7.jpg\" class=\"attachment-full size-full\" alt=\"\" srcset=\"https:\/\/www.enias.com.tr\/wp-content\/uploads\/2022\/03\/buyukbas-7.jpg 1525w, https:\/\/www.enias.com.tr\/wp-content\/uploads\/2022\/03\/buyukbas-7-300x169.jpg 300w, https:\/\/www.enias.com.tr\/wp-content\/uploads\/2022\/03\/buyukbas-7-1024x576.jpg 1024w, https:\/\/www.enias.com.tr\/wp-content\/uploads\/2022\/03\/buyukbas-7-768x432.jpg 768w, https:\/\/www.enias.com.tr\/wp-content\/uploads\/2022\/03\/buyukbas-7-260x146.jpg 260w, https:\/\/www.enias.com.tr\/wp-content\/uploads\/2022\/03\/buyukbas-7-50x28.jpg 50w, https:\/\/www.enias.com.tr\/wp-content\/uploads\/2022\/03\/buyukbas-7-133x75.jpg 133w, https:\/\/www.enias.com.tr\/wp-content\/uploads\/2022\/03\/buyukbas-7-1200x675.jpg 1200w\" sizes=\"auto, (max-width:767px) 480px, (max-width:1525px) 100vw, 1525px\" \/><\/a>\n\t\t\t\t<\/dt><\/div><\/dl><dl class='gallery-item'  data-title='buyukbas-8' data-description=''><div class='gallery-item-wrapper'>\n\t\t\t\t<dt class='gallery-icon landscape'>\n\t\t\t\t\t<a href='https:\/\/www.enias.com.tr\/wp-content\/uploads\/2022\/03\/buyukbas-8.jpg'><img loading=\"lazy\" decoding=\"async\" width=\"1517\" height=\"853\" src=\"https:\/\/www.enias.com.tr\/wp-content\/uploads\/2022\/03\/buyukbas-8.jpg\" class=\"attachment-full size-full\" alt=\"\" srcset=\"https:\/\/www.enias.com.tr\/wp-content\/uploads\/2022\/03\/buyukbas-8.jpg 1517w, https:\/\/www.enias.com.tr\/wp-content\/uploads\/2022\/03\/buyukbas-8-300x169.jpg 300w, https:\/\/www.enias.com.tr\/wp-content\/uploads\/2022\/03\/buyukbas-8-1024x576.jpg 1024w, https:\/\/www.enias.com.tr\/wp-content\/uploads\/2022\/03\/buyukbas-8-768x432.jpg 768w, https:\/\/www.enias.com.tr\/wp-content\/uploads\/2022\/03\/buyukbas-8-260x146.jpg 260w, https:\/\/www.enias.com.tr\/wp-content\/uploads\/2022\/03\/buyukbas-8-50x28.jpg 50w, https:\/\/www.enias.com.tr\/wp-content\/uploads\/2022\/03\/buyukbas-8-133x75.jpg 133w, https:\/\/www.enias.com.tr\/wp-content\/uploads\/2022\/03\/buyukbas-8-1200x675.jpg 1200w\" sizes=\"auto, (max-width:767px) 480px, (max-width:1517px) 100vw, 1517px\" \/><\/a>\n\t\t\t\t<\/dt><\/div><\/dl><br style=\"clear: both\" \/>\n\t\t\t<\/div>\n\n<hr class=\"\" style=\"margin:0 auto 2px;\"\/>\n\n<p><strong>SHEEP BREEDING<\/strong><\/p>\n<p>\u201cIle de France\u201d sheep breeds are raised with a\u00a0 herd size of 1,200. Both butchery lambs and ewes are produced on our own pasture..<\/p>\n\n\t\t\t<style type='text\/css'>\n\t\t\t\t#sc_gallery-2 {\n\t\t\t\t\tmargin: auto;\n\t\t\t\t}\n\t\t\t\t#sc_gallery-2 .gallery-item {\n\t\t\t\t\tfloat: left;\n\t\t\t\t\ttext-align: center;\n\t\t\t\t\twidth: 24.99%;\n\t\t\t\t}\n\t\t\t\t#sc_gallery-2 img {\n\t\t\t\t\tborder: 2px solid #cfcfcf;\n\t\t\t\t}\n\t\t\t\t\/* see sc_gallery() in functions\/theme-shortcodes.php *\/\n\t\t\t<\/style>\n\t\t<div id='sc_gallery-2' class='gallery galleryid-354 gallery-columns-4 gallery-size-full file element_classes gallery-default'><dl class='gallery-item'  data-title='kucukbas-1' data-description=''><div class='gallery-item-wrapper'>\n\t\t\t\t<dt class='gallery-icon landscape'>\n\t\t\t\t\t<a href='https:\/\/www.enias.com.tr\/wp-content\/uploads\/2022\/03\/kucukbas-1.jpg'><img loading=\"lazy\" decoding=\"async\" width=\"1599\" height=\"777\" src=\"https:\/\/www.enias.com.tr\/wp-content\/uploads\/2022\/03\/kucukbas-1.jpg\" class=\"attachment-full size-full\" alt=\"\" srcset=\"https:\/\/www.enias.com.tr\/wp-content\/uploads\/2022\/03\/kucukbas-1.jpg 1599w, https:\/\/www.enias.com.tr\/wp-content\/uploads\/2022\/03\/kucukbas-1-300x146.jpg 300w, https:\/\/www.enias.com.tr\/wp-content\/uploads\/2022\/03\/kucukbas-1-1024x498.jpg 1024w, https:\/\/www.enias.com.tr\/wp-content\/uploads\/2022\/03\/kucukbas-1-768x373.jpg 768w, https:\/\/www.enias.com.tr\/wp-content\/uploads\/2022\/03\/kucukbas-1-1536x746.jpg 1536w, https:\/\/www.enias.com.tr\/wp-content\/uploads\/2022\/03\/kucukbas-1-260x126.jpg 260w, https:\/\/www.enias.com.tr\/wp-content\/uploads\/2022\/03\/kucukbas-1-50x24.jpg 50w, https:\/\/www.enias.com.tr\/wp-content\/uploads\/2022\/03\/kucukbas-1-150x73.jpg 150w\" sizes=\"auto, (max-width:767px) 480px, (max-width:1599px) 100vw, 1599px\" \/><\/a>\n\t\t\t\t<\/dt><\/div><\/dl><dl class='gallery-item'  data-title='kucukbas-2' data-description=''><div class='gallery-item-wrapper'>\n\t\t\t\t<dt class='gallery-icon landscape'>\n\t\t\t\t\t<a href='https:\/\/www.enias.com.tr\/wp-content\/uploads\/2022\/03\/kucukbas-2.jpg'><img loading=\"lazy\" decoding=\"async\" width=\"1599\" height=\"777\" src=\"https:\/\/www.enias.com.tr\/wp-content\/uploads\/2022\/03\/kucukbas-2.jpg\" class=\"attachment-full size-full\" alt=\"\" srcset=\"https:\/\/www.enias.com.tr\/wp-content\/uploads\/2022\/03\/kucukbas-2.jpg 1599w, https:\/\/www.enias.com.tr\/wp-content\/uploads\/2022\/03\/kucukbas-2-300x146.jpg 300w, https:\/\/www.enias.com.tr\/wp-content\/uploads\/2022\/03\/kucukbas-2-1024x498.jpg 1024w, https:\/\/www.enias.com.tr\/wp-content\/uploads\/2022\/03\/kucukbas-2-768x373.jpg 768w, https:\/\/www.enias.com.tr\/wp-content\/uploads\/2022\/03\/kucukbas-2-1536x746.jpg 1536w, https:\/\/www.enias.com.tr\/wp-content\/uploads\/2022\/03\/kucukbas-2-260x126.jpg 260w, https:\/\/www.enias.com.tr\/wp-content\/uploads\/2022\/03\/kucukbas-2-50x24.jpg 50w, https:\/\/www.enias.com.tr\/wp-content\/uploads\/2022\/03\/kucukbas-2-150x73.jpg 150w\" sizes=\"auto, (max-width:767px) 480px, (max-width:1599px) 100vw, 1599px\" \/><\/a>\n\t\t\t\t<\/dt><\/div><\/dl>\n\t\t\t\t<br style='clear: both' \/>\n\t\t\t<\/div>\n\n","protected":false},"excerpt":{"rendered":"<p>DEFNE TARIM It started with the investment of Defne Tar\u0131m A.\u015e., a subsidiary of our company, in a bovine raw milk production facility in Tire district<span class=\"excerpt-hellip\"> [\u2026]<\/span><\/p>\n","protected":false},"author":1,"featured_media":0,"parent":0,"menu_order":0,"comment_status":"closed","ping_status":"closed","template":"","meta":{"rs_blank_template":"","rs_page_bg_color":"","slide_template_v7":"","footnotes":""},"class_list":["post-354","page","type-page","status-publish","hentry"],"_links":{"self":[{"href":"https:\/\/www.enias.com.tr\/en\/wp-json\/wp\/v2\/pages\/354","targetHints":{"allow":["GET"]}}],"collection":[{"href":"https:\/\/www.enias.com.tr\/en\/wp-json\/wp\/v2\/pages"}],"about":[{"href":"https:\/\/www.enias.com.tr\/en\/wp-json\/wp\/v2\/types\/page"}],"author":[{"embeddable":true,"href":"https:\/\/www.enias.com.tr\/en\/wp-json\/wp\/v2\/users\/1"}],"replies":[{"embeddable":true,"href":"https:\/\/www.enias.com.tr\/en\/wp-json\/wp\/v2\/comments?post=354"}],"version-history":[{"count":0,"href":"https:\/\/www.enias.com.tr\/en\/wp-json\/wp\/v2\/pages\/354\/revisions"}],"wp:attachment":[{"href":"https:\/\/www.enias.com.tr\/en\/wp-json\/wp\/v2\/media?parent=354"}],"curies":[{"name":"wp","href":"https:\/\/api.w.org\/{rel}","templated":true}]}}