{"id":351,"date":"2022-03-29T16:29:34","date_gmt":"2022-03-29T13:29:34","guid":{"rendered":"https:\/\/www.enias.com.tr\/tarim\/"},"modified":"2022-05-18T13:37:11","modified_gmt":"2022-05-18T10:37:11","slug":"agriculture","status":"publish","type":"page","link":"https:\/\/www.enias.com.tr\/en\/agriculture\/","title":{"rendered":"Agriculture"},"content":{"rendered":"<p><strong>BAYRAM\u0130\u00c7<\/strong><\/p>\n<p>Various agricultural products are grown on a total of 150 hectares of agricultural land owned by our Company. In this context, besides the walnut orchard of 10 hectares, fodder crops, canola oil crops, chickpeas and lentils are produced.<\/p>\n<p>In addition, a semi-enclosed livestock investment project based on pasture with a capacity of 500 sheep is planned to be launched in 2023.<\/p>\n\n\t\t\t<style type='text\/css'>\n\t\t\t\t#sc_gallery-1 {\n\t\t\t\t\tmargin: auto;\n\t\t\t\t}\n\t\t\t\t#sc_gallery-1 .gallery-item {\n\t\t\t\t\tfloat: left;\n\t\t\t\t\ttext-align: center;\n\t\t\t\t\twidth: 24.99%;\n\t\t\t\t}\n\t\t\t\t#sc_gallery-1 img {\n\t\t\t\t\tborder: 2px solid #cfcfcf;\n\t\t\t\t}\n\t\t\t\t\/* see sc_gallery() in functions\/theme-shortcodes.php *\/\n\t\t\t<\/style>\n\t\t<div id='sc_gallery-1' class='gallery galleryid-351 gallery-columns-4 gallery-size-full file element_classes gallery-default'><dl class='gallery-item'  data-title='bayramic-1' data-description=''><div class='gallery-item-wrapper'>\n\t\t\t\t<dt class='gallery-icon landscape'>\n\t\t\t\t\t<a href='https:\/\/www.enias.com.tr\/wp-content\/uploads\/2022\/03\/bayramic-1.jpg'><img loading=\"lazy\" decoding=\"async\" width=\"1017\" height=\"763\" src=\"https:\/\/www.enias.com.tr\/wp-content\/uploads\/2022\/03\/bayramic-1.jpg\" class=\"attachment-full size-full\" alt=\"\" srcset=\"https:\/\/www.enias.com.tr\/wp-content\/uploads\/2022\/03\/bayramic-1.jpg 1017w, https:\/\/www.enias.com.tr\/wp-content\/uploads\/2022\/03\/bayramic-1-300x225.jpg 300w, https:\/\/www.enias.com.tr\/wp-content\/uploads\/2022\/03\/bayramic-1-768x576.jpg 768w, https:\/\/www.enias.com.tr\/wp-content\/uploads\/2022\/03\/bayramic-1-195x146.jpg 195w, https:\/\/www.enias.com.tr\/wp-content\/uploads\/2022\/03\/bayramic-1-50x38.jpg 50w, https:\/\/www.enias.com.tr\/wp-content\/uploads\/2022\/03\/bayramic-1-100x75.jpg 100w, https:\/\/www.enias.com.tr\/wp-content\/uploads\/2022\/03\/bayramic-1-960x720.jpg 960w\" sizes=\"auto, (max-width:767px) 480px, (max-width:1017px) 100vw, 1017px\" \/><\/a>\n\t\t\t\t<\/dt><\/div><\/dl><dl class='gallery-item'  data-title='bayramic-2' data-description=''><div class='gallery-item-wrapper'>\n\t\t\t\t<dt class='gallery-icon portrait'>\n\t\t\t\t\t<a href='https:\/\/www.enias.com.tr\/wp-content\/uploads\/2022\/03\/bayramic-2.jpg'><img loading=\"lazy\" decoding=\"async\" width=\"1200\" height=\"1600\" src=\"https:\/\/www.enias.com.tr\/wp-content\/uploads\/2022\/03\/bayramic-2.jpg\" class=\"attachment-full size-full\" alt=\"\" srcset=\"https:\/\/www.enias.com.tr\/wp-content\/uploads\/2022\/03\/bayramic-2.jpg 1200w, https:\/\/www.enias.com.tr\/wp-content\/uploads\/2022\/03\/bayramic-2-225x300.jpg 225w, https:\/\/www.enias.com.tr\/wp-content\/uploads\/2022\/03\/bayramic-2-768x1024.jpg 768w, https:\/\/www.enias.com.tr\/wp-content\/uploads\/2022\/03\/bayramic-2-1152x1536.jpg 1152w, https:\/\/www.enias.com.tr\/wp-content\/uploads\/2022\/03\/bayramic-2-110x146.jpg 110w, https:\/\/www.enias.com.tr\/wp-content\/uploads\/2022\/03\/bayramic-2-38x50.jpg 38w, https:\/\/www.enias.com.tr\/wp-content\/uploads\/2022\/03\/bayramic-2-56x75.jpg 56w\" sizes=\"auto, (max-width:767px) 480px, (max-width:1200px) 100vw, 1200px\" \/><\/a>\n\t\t\t\t<\/dt><\/div><\/dl><dl class='gallery-item'  data-title='20220421-174513' data-description=''><div class='gallery-item-wrapper'>\n\t\t\t\t<dt class='gallery-icon landscape'>\n\t\t\t\t\t<a href='https:\/\/www.enias.com.tr\/wp-content\/uploads\/2022\/05\/20220421-174513-scaled.jpg'><img loading=\"lazy\" decoding=\"async\" width=\"2560\" height=\"1920\" src=\"https:\/\/www.enias.com.tr\/wp-content\/uploads\/2022\/05\/20220421-174513-scaled.jpg\" class=\"attachment-full size-full\" alt=\"\" srcset=\"https:\/\/www.enias.com.tr\/wp-content\/uploads\/2022\/05\/20220421-174513-scaled.jpg 2560w, https:\/\/www.enias.com.tr\/wp-content\/uploads\/2022\/05\/20220421-174513-300x225.jpg 300w, https:\/\/www.enias.com.tr\/wp-content\/uploads\/2022\/05\/20220421-174513-1024x768.jpg 1024w, https:\/\/www.enias.com.tr\/wp-content\/uploads\/2022\/05\/20220421-174513-768x576.jpg 768w, https:\/\/www.enias.com.tr\/wp-content\/uploads\/2022\/05\/20220421-174513-1536x1152.jpg 1536w, https:\/\/www.enias.com.tr\/wp-content\/uploads\/2022\/05\/20220421-174513-2048x1536.jpg 2048w, https:\/\/www.enias.com.tr\/wp-content\/uploads\/2022\/05\/20220421-174513-195x146.jpg 195w, https:\/\/www.enias.com.tr\/wp-content\/uploads\/2022\/05\/20220421-174513-50x38.jpg 50w, https:\/\/www.enias.com.tr\/wp-content\/uploads\/2022\/05\/20220421-174513-100x75.jpg 100w, https:\/\/www.enias.com.tr\/wp-content\/uploads\/2022\/05\/20220421-174513-960x720.jpg 960w\" sizes=\"auto, (max-width:767px) 480px, (max-width:2560px) 100vw, 2560px\" \/><\/a>\n\t\t\t\t<\/dt><\/div><\/dl>\n\t\t\t\t<br style='clear: both' \/>\n\t\t\t<\/div>\n\n<hr class=\"\" style=\"margin:0 auto 2px;\"\/>\n\n<p><strong>DEFNE TARIM<\/strong><\/p>\n<p>Forage crops are produced in a total of 400 hectares of agricultural land in \u00d6demi\u015f, Tire and Torbal\u0131. Forage crops produced; Triticale, alfalfa and corn.<\/p>\n\n\t\t\t<style type='text\/css'>\n\t\t\t\t#sc_gallery-2 {\n\t\t\t\t\tmargin: auto;\n\t\t\t\t}\n\t\t\t\t#sc_gallery-2 .gallery-item {\n\t\t\t\t\tfloat: left;\n\t\t\t\t\ttext-align: center;\n\t\t\t\t\twidth: 24.99%;\n\t\t\t\t}\n\t\t\t\t#sc_gallery-2 img {\n\t\t\t\t\tborder: 2px solid #cfcfcf;\n\t\t\t\t}\n\t\t\t\t\/* see sc_gallery() in functions\/theme-shortcodes.php *\/\n\t\t\t<\/style>\n\t\t<div id='sc_gallery-2' class='gallery galleryid-351 gallery-columns-4 gallery-size-full file element_classes gallery-default'><dl class='gallery-item'  data-title='defne-tarim-1' data-description=''><div class='gallery-item-wrapper'>\n\t\t\t\t<dt class='gallery-icon landscape'>\n\t\t\t\t\t<a href='https:\/\/www.enias.com.tr\/wp-content\/uploads\/2022\/03\/defne-tarim-1.jpg'><img loading=\"lazy\" decoding=\"async\" width=\"1179\" height=\"786\" src=\"https:\/\/www.enias.com.tr\/wp-content\/uploads\/2022\/03\/defne-tarim-1.jpg\" class=\"attachment-full size-full\" alt=\"\" srcset=\"https:\/\/www.enias.com.tr\/wp-content\/uploads\/2022\/03\/defne-tarim-1.jpg 1179w, https:\/\/www.enias.com.tr\/wp-content\/uploads\/2022\/03\/defne-tarim-1-300x200.jpg 300w, https:\/\/www.enias.com.tr\/wp-content\/uploads\/2022\/03\/defne-tarim-1-1024x683.jpg 1024w, https:\/\/www.enias.com.tr\/wp-content\/uploads\/2022\/03\/defne-tarim-1-768x512.jpg 768w, https:\/\/www.enias.com.tr\/wp-content\/uploads\/2022\/03\/defne-tarim-1-219x146.jpg 219w, https:\/\/www.enias.com.tr\/wp-content\/uploads\/2022\/03\/defne-tarim-1-50x33.jpg 50w, https:\/\/www.enias.com.tr\/wp-content\/uploads\/2022\/03\/defne-tarim-1-113x75.jpg 113w\" sizes=\"auto, (max-width:767px) 480px, (max-width:1179px) 100vw, 1179px\" \/><\/a>\n\t\t\t\t<\/dt><\/div><\/dl><dl class='gallery-item'  data-title='defne-tarim-2' data-description=''><div class='gallery-item-wrapper'>\n\t\t\t\t<dt class='gallery-icon landscape'>\n\t\t\t\t\t<a href='https:\/\/www.enias.com.tr\/wp-content\/uploads\/2022\/03\/defne-tarim-2.jpg'><img loading=\"lazy\" decoding=\"async\" width=\"1024\" height=\"768\" src=\"https:\/\/www.enias.com.tr\/wp-content\/uploads\/2022\/03\/defne-tarim-2.jpg\" class=\"attachment-full size-full\" alt=\"\" srcset=\"https:\/\/www.enias.com.tr\/wp-content\/uploads\/2022\/03\/defne-tarim-2.jpg 1024w, https:\/\/www.enias.com.tr\/wp-content\/uploads\/2022\/03\/defne-tarim-2-300x225.jpg 300w, https:\/\/www.enias.com.tr\/wp-content\/uploads\/2022\/03\/defne-tarim-2-768x576.jpg 768w, https:\/\/www.enias.com.tr\/wp-content\/uploads\/2022\/03\/defne-tarim-2-195x146.jpg 195w, https:\/\/www.enias.com.tr\/wp-content\/uploads\/2022\/03\/defne-tarim-2-50x38.jpg 50w, https:\/\/www.enias.com.tr\/wp-content\/uploads\/2022\/03\/defne-tarim-2-100x75.jpg 100w, https:\/\/www.enias.com.tr\/wp-content\/uploads\/2022\/03\/defne-tarim-2-960x720.jpg 960w\" sizes=\"auto, (max-width:767px) 480px, (max-width:1024px) 100vw, 1024px\" \/><\/a>\n\t\t\t\t<\/dt><\/div><\/dl><dl class='gallery-item'  data-title='defne-tarim-3' data-description=''><div class='gallery-item-wrapper'>\n\t\t\t\t<dt class='gallery-icon landscape'>\n\t\t\t\t\t<a href='https:\/\/www.enias.com.tr\/wp-content\/uploads\/2022\/03\/defne-tarim-3.jpg'><img loading=\"lazy\" decoding=\"async\" width=\"1599\" height=\"777\" src=\"https:\/\/www.enias.com.tr\/wp-content\/uploads\/2022\/03\/defne-tarim-3.jpg\" class=\"attachment-full size-full\" alt=\"\" srcset=\"https:\/\/www.enias.com.tr\/wp-content\/uploads\/2022\/03\/defne-tarim-3.jpg 1599w, https:\/\/www.enias.com.tr\/wp-content\/uploads\/2022\/03\/defne-tarim-3-300x146.jpg 300w, https:\/\/www.enias.com.tr\/wp-content\/uploads\/2022\/03\/defne-tarim-3-1024x498.jpg 1024w, https:\/\/www.enias.com.tr\/wp-content\/uploads\/2022\/03\/defne-tarim-3-768x373.jpg 768w, https:\/\/www.enias.com.tr\/wp-content\/uploads\/2022\/03\/defne-tarim-3-1536x746.jpg 1536w, https:\/\/www.enias.com.tr\/wp-content\/uploads\/2022\/03\/defne-tarim-3-260x126.jpg 260w, https:\/\/www.enias.com.tr\/wp-content\/uploads\/2022\/03\/defne-tarim-3-50x24.jpg 50w, https:\/\/www.enias.com.tr\/wp-content\/uploads\/2022\/03\/defne-tarim-3-150x73.jpg 150w\" sizes=\"auto, (max-width:767px) 480px, (max-width:1599px) 100vw, 1599px\" \/><\/a>\n\t\t\t\t<\/dt><\/div><\/dl><dl class='gallery-item'  data-title='defne-tarim-4' data-description=''><div class='gallery-item-wrapper'>\n\t\t\t\t<dt class='gallery-icon landscape'>\n\t\t\t\t\t<a href='https:\/\/www.enias.com.tr\/wp-content\/uploads\/2022\/03\/defne-tarim-4.jpg'><img loading=\"lazy\" decoding=\"async\" width=\"1599\" height=\"777\" src=\"https:\/\/www.enias.com.tr\/wp-content\/uploads\/2022\/03\/defne-tarim-4.jpg\" class=\"attachment-full size-full\" alt=\"\" srcset=\"https:\/\/www.enias.com.tr\/wp-content\/uploads\/2022\/03\/defne-tarim-4.jpg 1599w, https:\/\/www.enias.com.tr\/wp-content\/uploads\/2022\/03\/defne-tarim-4-300x146.jpg 300w, https:\/\/www.enias.com.tr\/wp-content\/uploads\/2022\/03\/defne-tarim-4-1024x498.jpg 1024w, https:\/\/www.enias.com.tr\/wp-content\/uploads\/2022\/03\/defne-tarim-4-768x373.jpg 768w, https:\/\/www.enias.com.tr\/wp-content\/uploads\/2022\/03\/defne-tarim-4-1536x746.jpg 1536w, https:\/\/www.enias.com.tr\/wp-content\/uploads\/2022\/03\/defne-tarim-4-260x126.jpg 260w, https:\/\/www.enias.com.tr\/wp-content\/uploads\/2022\/03\/defne-tarim-4-50x24.jpg 50w, https:\/\/www.enias.com.tr\/wp-content\/uploads\/2022\/03\/defne-tarim-4-150x73.jpg 150w\" sizes=\"auto, (max-width:767px) 480px, (max-width:1599px) 100vw, 1599px\" \/><\/a>\n\t\t\t\t<\/dt><\/div><\/dl><br style=\"clear: both\" \/><dl class='gallery-item'  data-title='defne-tarim-5' data-description=''><div class='gallery-item-wrapper'>\n\t\t\t\t<dt class='gallery-icon landscape'>\n\t\t\t\t\t<a href='https:\/\/www.enias.com.tr\/wp-content\/uploads\/2022\/03\/defne-tarim-5.jpg'><img loading=\"lazy\" decoding=\"async\" width=\"1599\" height=\"777\" src=\"https:\/\/www.enias.com.tr\/wp-content\/uploads\/2022\/03\/defne-tarim-5.jpg\" class=\"attachment-full size-full\" alt=\"\" srcset=\"https:\/\/www.enias.com.tr\/wp-content\/uploads\/2022\/03\/defne-tarim-5.jpg 1599w, https:\/\/www.enias.com.tr\/wp-content\/uploads\/2022\/03\/defne-tarim-5-300x146.jpg 300w, https:\/\/www.enias.com.tr\/wp-content\/uploads\/2022\/03\/defne-tarim-5-1024x498.jpg 1024w, https:\/\/www.enias.com.tr\/wp-content\/uploads\/2022\/03\/defne-tarim-5-768x373.jpg 768w, https:\/\/www.enias.com.tr\/wp-content\/uploads\/2022\/03\/defne-tarim-5-1536x746.jpg 1536w, https:\/\/www.enias.com.tr\/wp-content\/uploads\/2022\/03\/defne-tarim-5-260x126.jpg 260w, https:\/\/www.enias.com.tr\/wp-content\/uploads\/2022\/03\/defne-tarim-5-50x24.jpg 50w, https:\/\/www.enias.com.tr\/wp-content\/uploads\/2022\/03\/defne-tarim-5-150x73.jpg 150w\" sizes=\"auto, (max-width:767px) 480px, (max-width:1599px) 100vw, 1599px\" \/><\/a>\n\t\t\t\t<\/dt><\/div><\/dl><dl class='gallery-item'  data-title='defne-tarim-6' data-description=''><div class='gallery-item-wrapper'>\n\t\t\t\t<dt class='gallery-icon landscape'>\n\t\t\t\t\t<a href='https:\/\/www.enias.com.tr\/wp-content\/uploads\/2022\/03\/defne-tarim-6.jpg'><img loading=\"lazy\" decoding=\"async\" width=\"1600\" height=\"1200\" src=\"https:\/\/www.enias.com.tr\/wp-content\/uploads\/2022\/03\/defne-tarim-6.jpg\" class=\"attachment-full size-full\" alt=\"\" srcset=\"https:\/\/www.enias.com.tr\/wp-content\/uploads\/2022\/03\/defne-tarim-6.jpg 1600w, https:\/\/www.enias.com.tr\/wp-content\/uploads\/2022\/03\/defne-tarim-6-300x225.jpg 300w, https:\/\/www.enias.com.tr\/wp-content\/uploads\/2022\/03\/defne-tarim-6-1024x768.jpg 1024w, https:\/\/www.enias.com.tr\/wp-content\/uploads\/2022\/03\/defne-tarim-6-768x576.jpg 768w, https:\/\/www.enias.com.tr\/wp-content\/uploads\/2022\/03\/defne-tarim-6-1536x1152.jpg 1536w, https:\/\/www.enias.com.tr\/wp-content\/uploads\/2022\/03\/defne-tarim-6-195x146.jpg 195w, https:\/\/www.enias.com.tr\/wp-content\/uploads\/2022\/03\/defne-tarim-6-50x38.jpg 50w, https:\/\/www.enias.com.tr\/wp-content\/uploads\/2022\/03\/defne-tarim-6-100x75.jpg 100w, https:\/\/www.enias.com.tr\/wp-content\/uploads\/2022\/03\/defne-tarim-6-960x720.jpg 960w\" sizes=\"auto, (max-width:767px) 480px, (max-width:1600px) 100vw, 1600px\" \/><\/a>\n\t\t\t\t<\/dt><\/div><\/dl>\n\t\t\t\t<br style='clear: both' \/>\n\t\t\t<\/div>\n\n","protected":false},"excerpt":{"rendered":"<p>BAYRAM\u0130\u00c7 Various agricultural products are grown on a total of 150 hectares of agricultural land owned by our Company. In this context, besides the walnut orchard<span class=\"excerpt-hellip\"> [\u2026]<\/span><\/p>\n","protected":false},"author":1,"featured_media":0,"parent":0,"menu_order":0,"comment_status":"closed","ping_status":"closed","template":"","meta":{"rs_blank_template":"","rs_page_bg_color":"","slide_template_v7":"","footnotes":""},"class_list":["post-351","page","type-page","status-publish","hentry"],"_links":{"self":[{"href":"https:\/\/www.enias.com.tr\/en\/wp-json\/wp\/v2\/pages\/351","targetHints":{"allow":["GET"]}}],"collection":[{"href":"https:\/\/www.enias.com.tr\/en\/wp-json\/wp\/v2\/pages"}],"about":[{"href":"https:\/\/www.enias.com.tr\/en\/wp-json\/wp\/v2\/types\/page"}],"author":[{"embeddable":true,"href":"https:\/\/www.enias.com.tr\/en\/wp-json\/wp\/v2\/users\/1"}],"replies":[{"embeddable":true,"href":"https:\/\/www.enias.com.tr\/en\/wp-json\/wp\/v2\/comments?post=351"}],"version-history":[{"count":0,"href":"https:\/\/www.enias.com.tr\/en\/wp-json\/wp\/v2\/pages\/351\/revisions"}],"wp:attachment":[{"href":"https:\/\/www.enias.com.tr\/en\/wp-json\/wp\/v2\/media?parent=351"}],"curies":[{"name":"wp","href":"https:\/\/api.w.org\/{rel}","templated":true}]}}